{"id":483,"date":"2024-06-26T11:51:04","date_gmt":"2024-06-26T11:51:04","guid":{"rendered":"https:\/\/leveluplanguageacademy.com\/explorers\/"},"modified":"2026-01-20T18:12:08","modified_gmt":"2026-01-20T18:12:08","slug":"explorers","status":"publish","type":"page","link":"https:\/\/leveluplanguageacademy.com\/en\/servicios-2\/explorers\/","title":{"rendered":"Explorers"},"content":{"rendered":"<section class=\"header_14_1 background-1-light\" id=\"\" data-block-id=\"69e269c1e5fed69e269c1e5fee\" data-block-name=\"acf\/header-14-1\" data-post-id=\"483\" data-stable-id=\"block_86cfd8553930333d5509ed52f993f8aa\">\r\n    <div class=\"container\">\r\n        <div class=\"row\">\r\n            <div class=\"col col-top\" data-aos=\"fade-up\">\r\n                                                <h1 class=\"tamano2 color-1-headings-dark\">Explorers: \u00a1Listos para despegar con el ingl\u00e9s!<\/h1>\r\n                                                <div class=\"texto tamano7 color-1-body-dark\"><p data-start=\"178\" data-end=\"743\">Nuestros <strong data-start=\"187\" data-end=\"200\">Explorers<\/strong>, de 6 a 11 a\u00f1os, est\u00e1n en la fase perfecta para consolidar su aprendizaje del ingl\u00e9s con confianza y emoci\u00f3n. Aqu\u00ed, dejamos atr\u00e1s las primeras palabras sueltas y comenzamos a formar frases m\u00e1s completas, a comunicarnos con mayor fluidez y a explorar el idioma con m\u00e1s autonom\u00eda. Pero eso s\u00ed, \u00a1siempre jugando y divirti\u00e9ndonos! Con nuestra metodolog\u00eda <em data-start=\"552\" data-end=\"573\">Play-Based Learning<\/em>, seguimos aprendiendo de forma natural, a trav\u00e9s de retos, historias, canciones y proyectos interactivos que mantienen a nuestros alumnos motivados y con ganas de m\u00e1s.<\/p>\n<h3 data-start=\"745\" data-end=\"804\"><\/h3>\n<\/div>\r\n                \r\n                                <div class=\"enlaces\">\r\n                                            <a href=\"https:\/\/leveluplanguageacademy.com\/contacto\/\" target=\"\" class=\"btn-round tamano-7-mediumcta color-boton-3-texto-normal color-boton-3-texto-hover color-boton-3-normal color-boton-3-hover\">\r\n    \r\n    <span>\u00a1Reserva tu plaza!<\/span>\r\n<\/a>\r\n\r\n<style>\r\n    .btn-border-rounded {\r\n        border-radius: 12px !important;\r\n    }\r\n\r\n    .btn-border-square {\r\n        border-radius: 0 !important;\r\n    }\r\n\r\n    \/* Estilos de hover *\/\r\n    .btn-hover-hover1:hover {\r\n        filter: contrast(0.55);\r\n    }\r\n\r\n    .btn-hover-hover2:hover {\r\n        filter: sepia(2);\r\n    }\r\n\r\n    \/* Estilos del icono cuando existe *\/\r\n    a i {\r\n        margin-right: 8px;\r\n        font-size: 16px;\r\n    }\r\n\r\n    \/* Icono Lucide *\/\r\n    .btn-icon--lucide {\r\n        display: inline-flex;\r\n        align-items: center;\r\n        justify-content: center;\r\n        margin-right: 8px;\r\n    }\r\n\r\n    .btn-icon--lucide svg {\r\n        width: 16px;\r\n        height: 16px;\r\n        display: block;\r\n    }\r\n<\/style>\r\n                    \r\n                                    <\/div>\r\n                            <\/div>\r\n        <\/div>\r\n    <\/div>\r\n            <div class=\"imagen\" data-aos=\"zoom-in\" style=\"background-image:url('https:\/\/leveluplanguageacademy.com\/wp-content\/uploads\/2025\/02\/IMG_2921-1-scaled-e1739878835291.jpg');\"\r\n            aria-label=\"\"><\/div>\r\n    <\/section>\r\n<style>\r\n    .header_14_1 {\r\n        height: 100%;\r\n        max-height: 1081px;\r\n    }\r\n\r\n    .header_14_1 .btn-round {\r\n        border-radius: 60px;\r\n        padding: 12px 25px;\r\n        display: inline-block;\r\n        min-width: 175px;\r\n        text-align: center;\r\n        text-decoration: none;\r\n    }\r\n\r\n    .header_14_1 .btn-round.secundario {\r\n        background-color: var(--color-boton-3-hover);\r\n        color: var(--color-boton-3-texto-hover);\r\n    }\r\n\r\n    .header_14_1 .btn-round.secundario:hover {\r\n        background-color: var(--color-boton-3-normal);\r\n        color: var(--color-boton-3-texto-normal);\r\n    }\r\n\r\n    .header_14_1 .subtitulo {\r\n        padding-bottom: 22px;\r\n    }\r\n\r\n    .header_14_1 .col-top h1 {\r\n        padding-bottom: 22px;\r\n    }\r\n\r\n    .header_14_1 .col-top {\r\n        height: 100%;\r\n        min-height: calc(51dvh - 150px);\r\n        display: flex;\r\n        flex-direction: column;\r\n        justify-content: center;\r\n        align-items: center;\r\n\r\n        max-width: 1230px;\r\n        margin: 0 auto;\r\n        text-align: center;\r\n        padding: 50px 50px 102px;\r\n    }\r\n\r\n    .header_14_1 .imagen {\r\n        height: 500px;\r\n        background-position: center;\r\n        background-repeat: no-repeat;\r\n        background-size: cover;\r\n    }\r\n\r\n    .header_14_1 .enlaces {\r\n        display: inline-flex;\r\n        gap: 25px;\r\n        flex-wrap: wrap;\r\n        margin-top: 35px;\r\n        justify-content: center;\r\n    }\r\n\r\n    @media (max-width:992px) {\r\n        .header_14_1 {\r\n            height: auto;\r\n            max-height: initial;\r\n        }\r\n\r\n        .header_14_1 .col-top {\r\n            min-height: initial;\r\n            padding: 30px 0 50px;\r\n        }\r\n\r\n        .header_14_1 .imagen {\r\n            max-height: 284px;\r\n        }\r\n    }\r\n\r\n    @media (max-width:768px) {\r\n        .header_14_1 .col-top h1 {\r\n            line-height: var(--tamano3-line-height);\r\n        }\r\n    }\r\n\r\n    @media (max-width:400px) {\r\n        .header_14_1 .row {\r\n            margin: 0;\r\n        }\r\n    }\r\n<\/style>\r\n\n\n<section class=\"services_child_1_2 background-1-dark\" id=\"\"\r\n    original-block-id=\"block_e72234044022c0bae9c6ae95fb5a1b58\" data-block-id=\"69e269c1e900f69e269c1e9010\" data-block-name=\"acf\/services-child-1-2\" data-post-id=\"483\" data-stable-id=\"block_e72234044022c0bae9c6ae95fb5a1b58\">\r\n    <div class=\"container\">\r\n        <div class=\"row\">\r\n            <div class=\"col col-top\" data-aos=\"fade-up\">\r\n                                <h2 class=\"tamano2 color-2-headings-light\">Aprender ingl\u00e9s a trav\u00e9s del juego y la acci\u00f3n<\/h2>\r\n                \r\n                                <div class=\"texto tamano7 color-2-body-light\">\r\n                    <p data-start=\"805\" data-end=\"1292\">Cada grupo de <strong data-start=\"819\" data-end=\"832\">Explorers<\/strong> adapta las actividades a su nivel, asegurando que los ni\u00f1os desarrollen sus habilidades en comprensi\u00f3n, expresi\u00f3n oral, lectura y escritura de manera equilibrada. Con juegos de roles, desaf\u00edos en equipo, manualidades y din\u00e1micas interactivas, transformamos la gram\u00e1tica y el vocabulario en herramientas \u00fatiles y divertidas. Nos encanta ver c\u00f3mo nuestros alumnos ganan confianza para hablar en ingl\u00e9s sin miedo, comunic\u00e1ndose de manera natural en cada clase.<\/p>\n<h3 data-start=\"1294\" data-end=\"1340\"><\/h3>\n                <\/div>\r\n\r\n                                <div class=\"vermas tamano7 color-1-body-dark\">\r\n                    <span class=\"mas tamano7 color-1-body-dark\">Read more<\/span>\r\n                    <span class=\"menos hide tamano7 color-1-body-dark\">Read less<\/span>\r\n                    <svg width=\"13\" height=\"13\" viewBox=\"0 0 13 8\" fill=\"none\"\r\n                        xmlns=\"http:\/\/www.w3.org\/2000\/svg\">\r\n                        <path id=\"Vector 14\" d=\"M1 1L6.5 6.5L12 1\" stroke=\"#2B275C\" stroke-width=\"1.5\" \/>\r\n                    <\/svg>\r\n                <\/div>\r\n                                            <\/div>\r\n\r\n            <div class=\"col col-imagen\">\r\n                <div class=\"left\" data-aos=\"fade-left\">\r\n                    <div class=\"mask\"><\/div>\r\n                                        <img decoding=\"async\" src=\"https:\/\/leveluplanguageacademy.com\/wp-content\/uploads\/2025\/02\/IMG_1627-scaled.jpg\" alt=\"\" title=\"IMG_1627\">\r\n                                    <\/div>\r\n\r\n                <div class=\"right\" data-aos=\"fade-right\">\r\n                                        <h3 class=\"tamano4 color-2-headings-light\">Prepar\u00e1ndonos para grandes logros<\/h3>\r\n                                                                                <div class=\"texto tamano7 color-2-body-light\"><p data-start=\"1341\" data-end=\"1942\">En <strong data-start=\"1344\" data-end=\"1357\">Explorers<\/strong>, cada nivel tiene su propio reto ling\u00fc\u00edstico. Los alumnos de <strong data-start=\"1419\" data-end=\"1438\">Explorers 1 y 2<\/strong> se preparan para su primer gran objetivo: el examen de <strong data-start=\"1494\" data-end=\"1523\">Cambridge Pre A1 Starters<\/strong>. Los de <strong data-start=\"1532\" data-end=\"1551\">Explorers 3 y 4<\/strong> dan un paso m\u00e1s con el <strong data-start=\"1575\" data-end=\"1598\">Cambridge A1 Movers<\/strong>, mientras que los m\u00e1s avanzados, <strong data-start=\"1632\" data-end=\"1651\">Explorers 5 y 6<\/strong>, se enfrentan al reto del <strong data-start=\"1678\" data-end=\"1701\">Cambridge A2 Flyers<\/strong>. Pero aqu\u00ed no hablamos de ex\u00e1menes aburridos\u2026 \u00a1los convertimos en misiones llenas de diversi\u00f3n! Aprender ingl\u00e9s con un prop\u00f3sito les motiva a seguir mejorando y a descubrir que dominar un nuevo idioma puede ser una aventura incre\u00edble.<\/p>\n<\/div>\r\n                                                                <a href=\"https:\/\/leveluplanguageacademy.com\/servicios\" target=\"\" class=\"btn-round tamano-7-mediumcta color-boton-1-texto-normal color-boton-1-texto-hover color-boton-1-normal color-boton-1-hover\">\r\n    \r\n    <span>Ver m\u00e1s<\/span>\r\n<\/a>\r\n\r\n<style>\r\n    .btn-border-rounded {\r\n        border-radius: 12px !important;\r\n    }\r\n\r\n    .btn-border-square {\r\n        border-radius: 0 !important;\r\n    }\r\n\r\n    \/* Estilos de hover *\/\r\n    .btn-hover-hover1:hover {\r\n        filter: contrast(0.55);\r\n    }\r\n\r\n    .btn-hover-hover2:hover {\r\n        filter: sepia(2);\r\n    }\r\n\r\n    \/* Estilos del icono cuando existe *\/\r\n    a i {\r\n        margin-right: 8px;\r\n        font-size: 16px;\r\n    }\r\n\r\n    \/* Icono Lucide *\/\r\n    .btn-icon--lucide {\r\n        display: inline-flex;\r\n        align-items: center;\r\n        justify-content: center;\r\n        margin-right: 8px;\r\n    }\r\n\r\n    .btn-icon--lucide svg {\r\n        width: 16px;\r\n        height: 16px;\r\n        display: block;\r\n    }\r\n<\/style>\r\n                                    <\/div>\r\n            <\/div>\r\n        <\/div>\r\n    <\/div>\r\n<\/section>\r\n<style>\r\n    .services_child_1_2 .col-imagen .right .mask {\r\n        background: rgba(0, 0, 0, 0.30);\r\n        position: absolute;\r\n        top: 0;\r\n        left: 0;\r\n        width: 100%;\r\n        right: 100%;\r\n    }\r\n\r\n    .services_child_1_2 .vermas svg path {\r\n        stroke: var(--color-2-body-light);\r\n    }\r\n\r\n    .services_child_1_2 .vermas .hide {\r\n        display: none;\r\n    }\r\n\r\n    .services_child_1_2 .vermas.show svg {\r\n        transform: rotate(180deg);\r\n    }\r\n\r\n    .services_child_1_2 .vermas {\r\n        display: none;\r\n        margin-top: 20px;\r\n        align-items: center;\r\n        gap: 10px;\r\n        cursor: pointer;\r\n    }\r\n\r\n    .services_child_1_2 .vermas span {\r\n        font-weight: var(--tamano5-font-weight);\r\n        color: var(--color-2-body-light)\r\n    }\r\n\r\n    .services_child_1_2 .col-top .texto {\r\n        display: flex;\r\n        gap: 30px;\r\n        width: 100%;\r\n    }\r\n\r\n    .services_child_1_2 .col-top .texto p {\r\n        width: 50%;\r\n    }\r\n\r\n    .services_child_1_2 .col-top {\r\n        margin-bottom: 105px;\r\n    }\r\n\r\n    .services_child_1_2 .col-imagen .texto {\r\n        padding-bottom: 21px;\r\n        max-width: 660px;\r\n    }\r\n\r\n    .services_child_1_2 .col-imagen .subtitulo {\r\n        padding-bottom: 17px;\r\n        max-width: 660px;\r\n        font-weight: var(--tamano4-font-weight);\r\n    }\r\n\r\n    .services_child_1_2 .col-imagen h3 {\r\n        padding-bottom: 22px;\r\n    }\r\n\r\n    .services_child_1_2 .col-imagen .right {\r\n        width: 50%;\r\n        margin-top: 50px;\r\n        padding-right: 184px;\r\n    }\r\n\r\n    .services_child_1_2 .col-imagen .left {\r\n        max-width: 100%;\r\n        width: 50%;\r\n        position: relative;\r\n    }\r\n\r\n    .services_child_1_2 .col-imagen {\r\n        display: flex;\r\n        position: relative;\r\n        gap: 30px;\r\n        width: 100%;\r\n\r\n    }\r\n\r\n    .services_child_1_2[original-block-id=\"block_e72234044022c0bae9c6ae95fb5a1b58\"] .col-imagen {\r\n            }\r\n\r\n    .services_child_1_2 h2 {\r\n        padding-bottom: 45px;\r\n    }\r\n\r\n    .services_child_1_2 .col-imagen .left img {\r\n        height: auto;\r\n        width: 100%;\r\n    }\r\n\r\n    .services_child_1_2 .col-imagen .left .video {\r\n        width: 100%;\r\n        height: 100%;\r\n        overflow: hidden;\r\n    }\r\n\r\n    .services_child_1_2 .col-imagen .left .video iframe {\r\n        width: 100%;\r\n        height: 100%;\r\n        border: none;\r\n        min-height: 600px;\r\n    }\r\n\r\n    .services_child_1_2 {\r\n        padding: 80px 150px;\r\n    }\r\n\r\n    .services_child_1_2 .btn-round {\r\n        border-radius: 60px;\r\n        padding: 12px 25px;\r\n        display: inline-block;\r\n        min-width: 175px;\r\n        text-align: center;\r\n        text-decoration: none;\r\n    }\r\n\r\n    @media (max-width:1750px) {\r\n        .services_child_1_2 {\r\n            padding-left: 50px;\r\n            padding-right: 50px;\r\n        }\r\n    }\r\n\r\n    @media (max-width:1550px) {\r\n        .services_child_1_2 {\r\n            padding-left: 0;\r\n            padding-right: 0;\r\n        }\r\n\r\n        .services_child_1_2 .col-imagen .left .video iframe {\r\n            min-height: 400px;\r\n        }\r\n    }\r\n\r\n    @media (max-width:1250px) {\r\n        .services_child_1_2 .col-imagen .right {\r\n            width: 100%;\r\n            position: relative;\r\n            top: inherit;\r\n            transform: none;\r\n        }\r\n\r\n        .services_child_1_2 .col-imagen .left {\r\n            max-width: 100%;\r\n            width: 100%;\r\n        }\r\n\r\n        .services_child_1_2 .col-imagen .right {\r\n            padding-right: 0;\r\n            margin-top: 0;\r\n        }\r\n    }\r\n\r\n    @media (max-width:992px) {\r\n        .services_child_1_2 .col-imagen {\r\n            flex-direction: column;\r\n            gap: 30px;\r\n        }\r\n\r\n        .services_child_1_2 .col-imagen .subtitulo {\r\n            padding-bottom: 30px;\r\n        }\r\n\r\n        .services_child_1_2 .col-imagen .texto {\r\n            padding-bottom: 35px;\r\n        }\r\n\r\n        .services_child_1_2 .col-top .texto {\r\n            flex-direction: column;\r\n            gap: 20px;\r\n        }\r\n\r\n        .services_child_1_2 .col-top .texto p {\r\n            width: 100%;\r\n        }\r\n\r\n        .services_child_1_2 .col-top {\r\n            margin-bottom: 38px;\r\n        }\r\n\r\n        .services_child_1_2 {\r\n            padding: 40px 0;\r\n        }\r\n\r\n        .services_child_1_2 .col-top .texto.show p:not(:first-child) {\r\n            display: block;\r\n        }\r\n\r\n        .services_child_1_2 .col-top .texto p:not(:first-child) {\r\n            display: none;\r\n        }\r\n\r\n        .services_child_1_2 .vermas {\r\n            display: flex;\r\n        }\r\n\r\n        .services_child_1_2 .col-imagen .left .video iframe {\r\n            min-height: 370px;\r\n        }\r\n    }\r\n\r\n    @media (max-width:768px) {\r\n        .services_child_1_2 h2 {\r\n            line-height: var(--tamano4-line-height);\r\n            padding-bottom: 25px;\r\n        }\r\n\r\n        .services_child_1_2 .col-imagen .subtitulo {\r\n            padding-bottom: 20px;\r\n        }\r\n\r\n        .services_child_1_2 h3 {\r\n            line-height: var(--tamano6-line-height);\r\n            padding-bottom: 20px;\r\n        }\r\n\r\n        .services_child_1_2 .col-imagen .left .video iframe {\r\n            min-height: 310px;\r\n        }\r\n    }\r\n<\/style>\r\n<script>\r\n    jQuery('.services_child_1_2 .vermas').on('click', function() {\r\n        jQuery('.services_child_1_2 .texto').toggleClass('show');\r\n        jQuery('.services_child_1_2 .vermas').toggleClass('show');\r\n        jQuery('.services_child_1_2 .vermas span').toggleClass('hide');\r\n    });\r\n<\/script>\r\n","protected":false},"excerpt":{"rendered":"","protected":false},"author":2,"featured_media":646,"parent":485,"menu_order":27,"comment_status":"open","ping_status":"closed","template":"","meta":{"_acf_changed":false,"iawp_total_views":2,"footnotes":""},"class_list":["post-483","page","type-page","status-publish","has-post-thumbnail","hentry"],"acf":[],"yoast_head":"<!-- This site is optimized with the Yoast SEO plugin v27.4 - https:\/\/yoast.com\/product\/yoast-seo-wordpress\/ -->\n<title>Explorers - Level Up language Academy<\/title>\n<meta name=\"robots\" content=\"index, follow, max-snippet:-1, max-image-preview:large, max-video-preview:-1\" \/>\n<link rel=\"canonical\" href=\"https:\/\/leveluplanguageacademy.com\/en\/servicios-2\/explorers\/\" \/>\n<meta property=\"og:locale\" content=\"en_US\" \/>\n<meta property=\"og:type\" content=\"article\" \/>\n<meta property=\"og:title\" content=\"Explorers - Level Up language Academy\" \/>\n<meta property=\"og:url\" content=\"https:\/\/leveluplanguageacademy.com\/en\/servicios-2\/explorers\/\" \/>\n<meta property=\"og:site_name\" content=\"Level Up language Academy\" \/>\n<meta property=\"article:modified_time\" content=\"2026-01-20T18:12:08+00:00\" \/>\n<meta property=\"og:image\" content=\"https:\/\/leveluplanguageacademy.com\/wp-content\/uploads\/2024\/06\/Default_Imagen_de_una_moderna_academia_de_ingls_en_una_calle_u_0.jpg\" \/>\n\t<meta property=\"og:image:width\" content=\"1792\" \/>\n\t<meta property=\"og:image:height\" content=\"1480\" \/>\n\t<meta property=\"og:image:type\" content=\"image\/jpeg\" \/>\n<meta name=\"twitter:card\" content=\"summary_large_image\" \/>\n<!-- \/ Yoast SEO plugin. -->","yoast_head_json":{"title":"Explorers - Level Up language Academy","robots":{"index":"index","follow":"follow","max-snippet":"max-snippet:-1","max-image-preview":"max-image-preview:large","max-video-preview":"max-video-preview:-1"},"canonical":"https:\/\/leveluplanguageacademy.com\/en\/servicios-2\/explorers\/","og_locale":"en_US","og_type":"article","og_title":"Explorers - Level Up language Academy","og_url":"https:\/\/leveluplanguageacademy.com\/en\/servicios-2\/explorers\/","og_site_name":"Level Up language Academy","article_modified_time":"2026-01-20T18:12:08+00:00","og_image":[{"width":1792,"height":1480,"url":"https:\/\/leveluplanguageacademy.com\/wp-content\/uploads\/2024\/06\/Default_Imagen_de_una_moderna_academia_de_ingls_en_una_calle_u_0.jpg","type":"image\/jpeg"}],"twitter_card":"summary_large_image","schema":{"@context":"https:\/\/schema.org","@graph":[{"@type":"WebPage","@id":"https:\/\/leveluplanguageacademy.com\/en\/servicios-2\/explorers\/","url":"https:\/\/leveluplanguageacademy.com\/en\/servicios-2\/explorers\/","name":"Explorers - Level Up language Academy","isPartOf":{"@id":"https:\/\/leveluplanguageacademy.com\/en\/#website"},"primaryImageOfPage":{"@id":"https:\/\/leveluplanguageacademy.com\/en\/servicios-2\/explorers\/#primaryimage"},"image":{"@id":"https:\/\/leveluplanguageacademy.com\/en\/servicios-2\/explorers\/#primaryimage"},"thumbnailUrl":"https:\/\/leveluplanguageacademy.com\/wp-content\/uploads\/2024\/06\/Default_Imagen_de_una_moderna_academia_de_ingls_en_una_calle_u_0.jpg","datePublished":"2024-06-26T11:51:04+00:00","dateModified":"2026-01-20T18:12:08+00:00","breadcrumb":{"@id":"https:\/\/leveluplanguageacademy.com\/en\/servicios-2\/explorers\/#breadcrumb"},"inLanguage":"en-US","potentialAction":[{"@type":"ReadAction","target":["https:\/\/leveluplanguageacademy.com\/en\/servicios-2\/explorers\/"]}]},{"@type":"ImageObject","inLanguage":"en-US","@id":"https:\/\/leveluplanguageacademy.com\/en\/servicios-2\/explorers\/#primaryimage","url":"https:\/\/leveluplanguageacademy.com\/wp-content\/uploads\/2024\/06\/Default_Imagen_de_una_moderna_academia_de_ingls_en_una_calle_u_0.jpg","contentUrl":"https:\/\/leveluplanguageacademy.com\/wp-content\/uploads\/2024\/06\/Default_Imagen_de_una_moderna_academia_de_ingls_en_una_calle_u_0.jpg","width":1792,"height":1480},{"@type":"BreadcrumbList","@id":"https:\/\/leveluplanguageacademy.com\/en\/servicios-2\/explorers\/#breadcrumb","itemListElement":[{"@type":"ListItem","position":1,"name":"Portada","item":"https:\/\/leveluplanguageacademy.com\/en\/"},{"@type":"ListItem","position":2,"name":"Servicios","item":"https:\/\/leveluplanguageacademy.com\/en\/servicios-2\/"},{"@type":"ListItem","position":3,"name":"Explorers"}]},{"@type":"WebSite","@id":"https:\/\/leveluplanguageacademy.com\/en\/#website","url":"https:\/\/leveluplanguageacademy.com\/en\/","name":"Level Up language Academy","description":"","publisher":{"@id":"https:\/\/leveluplanguageacademy.com\/en\/#organization"},"potentialAction":[{"@type":"SearchAction","target":{"@type":"EntryPoint","urlTemplate":"https:\/\/leveluplanguageacademy.com\/en\/?s={search_term_string}"},"query-input":{"@type":"PropertyValueSpecification","valueRequired":true,"valueName":"search_term_string"}}],"inLanguage":"en-US"},{"@type":"Organization","@id":"https:\/\/leveluplanguageacademy.com\/en\/#organization","name":"Level Up language Academy","url":"https:\/\/leveluplanguageacademy.com\/en\/","logo":{"@type":"ImageObject","inLanguage":"en-US","@id":"https:\/\/leveluplanguageacademy.com\/en\/#\/schema\/logo\/image\/","url":"https:\/\/leveluplanguageacademy.com\/wp-content\/uploads\/2024\/06\/667bfb4ba63fd_LOGO-LEVEL-UP-horizontal.png","contentUrl":"https:\/\/leveluplanguageacademy.com\/wp-content\/uploads\/2024\/06\/667bfb4ba63fd_LOGO-LEVEL-UP-horizontal.png","width":2560,"height":694,"caption":"Level Up language Academy "},"image":{"@id":"https:\/\/leveluplanguageacademy.com\/en\/#\/schema\/logo\/image\/"}}]}},"_links":{"self":[{"href":"https:\/\/leveluplanguageacademy.com\/en\/wp-json\/wp\/v2\/pages\/483","targetHints":{"allow":["GET"]}}],"collection":[{"href":"https:\/\/leveluplanguageacademy.com\/en\/wp-json\/wp\/v2\/pages"}],"about":[{"href":"https:\/\/leveluplanguageacademy.com\/en\/wp-json\/wp\/v2\/types\/page"}],"author":[{"embeddable":true,"href":"https:\/\/leveluplanguageacademy.com\/en\/wp-json\/wp\/v2\/users\/2"}],"replies":[{"embeddable":true,"href":"https:\/\/leveluplanguageacademy.com\/en\/wp-json\/wp\/v2\/comments?post=483"}],"version-history":[{"count":6,"href":"https:\/\/leveluplanguageacademy.com\/en\/wp-json\/wp\/v2\/pages\/483\/revisions"}],"predecessor-version":[{"id":1848,"href":"https:\/\/leveluplanguageacademy.com\/en\/wp-json\/wp\/v2\/pages\/483\/revisions\/1848"}],"up":[{"embeddable":true,"href":"https:\/\/leveluplanguageacademy.com\/en\/wp-json\/wp\/v2\/pages\/485"}],"wp:featuredmedia":[{"embeddable":true,"href":"https:\/\/leveluplanguageacademy.com\/en\/wp-json\/wp\/v2\/media\/646"}],"wp:attachment":[{"href":"https:\/\/leveluplanguageacademy.com\/en\/wp-json\/wp\/v2\/media?parent=483"}],"curies":[{"name":"wp","href":"https:\/\/api.w.org\/{rel}","templated":true}]}}