{"id":482,"date":"2024-06-26T11:51:53","date_gmt":"2024-06-26T11:51:53","guid":{"rendered":"https:\/\/leveluplanguageacademy.com\/teens\/"},"modified":"2026-01-20T18:15:44","modified_gmt":"2026-01-20T18:15:44","slug":"teens","status":"publish","type":"page","link":"https:\/\/leveluplanguageacademy.com\/en\/servicios-2\/teens\/","title":{"rendered":"Teens &amp; Adults"},"content":{"rendered":"<section class=\"header_14_1 background-1-light\" id=\"\" data-block-id=\"69e21b1c340f069e21b1c340f1\" data-block-name=\"acf\/header-14-1\" data-post-id=\"482\" data-stable-id=\"block_dfa807551919ccf0314dfe716790f3c6\">\r\n    <div class=\"container\">\r\n        <div class=\"row\">\r\n            <div class=\"col col-top\" data-aos=\"fade-up\">\r\n                                                <h1 class=\"tamano2 color-1-headings-dark\">Teens &amp; Adults: Ingl\u00e9s con un prop\u00f3sito<\/h1>\r\n                                                <div class=\"texto tamano7 color-1-body-dark\"><p data-start=\"206\" data-end=\"631\">Nuestros grupos de <strong data-start=\"225\" data-end=\"243\">Teens &amp; Adults<\/strong> est\u00e1n dise\u00f1ados para ayudar a adolescentes y adultos a mejorar su ingl\u00e9s de manera pr\u00e1ctica y efectiva, adapt\u00e1ndonos a su ritmo y necesidades. Aqu\u00ed, el ingl\u00e9s no es solo una asignatura, sino una herramienta para el futuro. Con clases din\u00e1micas, enfocadas en la comunicaci\u00f3n real, nuestros alumnos ganan fluidez y confianza mientras se preparan para los ex\u00e1menes oficiales de Cambridge.<\/p>\n<h3 data-start=\"633\" data-end=\"679\"><\/h3>\n<\/div>\r\n                \r\n                                <div class=\"enlaces\">\r\n                                            <a href=\"https:\/\/leveluplanguageacademy.com\/contacto\/\" target=\"\" class=\"btn-round tamano-7-mediumcta color-boton-3-texto-normal color-boton-3-texto-hover color-boton-3-normal color-boton-3-hover\">\r\n    \r\n    <span>\u00a1Reserva tu plaza!<\/span>\r\n<\/a>\r\n\r\n<style>\r\n    .btn-border-rounded {\r\n        border-radius: 12px !important;\r\n    }\r\n\r\n    .btn-border-square {\r\n        border-radius: 0 !important;\r\n    }\r\n\r\n    \/* Estilos de hover *\/\r\n    .btn-hover-hover1:hover {\r\n        filter: contrast(0.55);\r\n    }\r\n\r\n    .btn-hover-hover2:hover {\r\n        filter: sepia(2);\r\n    }\r\n\r\n    \/* Estilos del icono cuando existe *\/\r\n    a i {\r\n        margin-right: 8px;\r\n        font-size: 16px;\r\n    }\r\n\r\n    \/* Icono Lucide *\/\r\n    .btn-icon--lucide {\r\n        display: inline-flex;\r\n        align-items: center;\r\n        justify-content: center;\r\n        margin-right: 8px;\r\n    }\r\n\r\n    .btn-icon--lucide svg {\r\n        width: 16px;\r\n        height: 16px;\r\n        display: block;\r\n    }\r\n<\/style>\r\n                    \r\n                                    <\/div>\r\n                            <\/div>\r\n        <\/div>\r\n    <\/div>\r\n            <div class=\"imagen\" data-aos=\"zoom-in\" style=\"background-image:url('https:\/\/leveluplanguageacademy.com\/wp-content\/uploads\/2025\/03\/4157af18-ec51-4ff4-a4fa-324038e6230d-scaled.jpg');\"\r\n            aria-label=\"\"><\/div>\r\n    <\/section>\r\n<style>\r\n    .header_14_1 {\r\n        height: 100%;\r\n        max-height: 1081px;\r\n    }\r\n\r\n    .header_14_1 .btn-round {\r\n        border-radius: 60px;\r\n        padding: 12px 25px;\r\n        display: inline-block;\r\n        min-width: 175px;\r\n        text-align: center;\r\n        text-decoration: none;\r\n    }\r\n\r\n    .header_14_1 .btn-round.secundario {\r\n        background-color: var(--color-boton-3-hover);\r\n        color: var(--color-boton-3-texto-hover);\r\n    }\r\n\r\n    .header_14_1 .btn-round.secundario:hover {\r\n        background-color: var(--color-boton-3-normal);\r\n        color: var(--color-boton-3-texto-normal);\r\n    }\r\n\r\n    .header_14_1 .subtitulo {\r\n        padding-bottom: 22px;\r\n    }\r\n\r\n    .header_14_1 .col-top h1 {\r\n        padding-bottom: 22px;\r\n    }\r\n\r\n    .header_14_1 .col-top {\r\n        height: 100%;\r\n        min-height: calc(51dvh - 150px);\r\n        display: flex;\r\n        flex-direction: column;\r\n        justify-content: center;\r\n        align-items: center;\r\n\r\n        max-width: 1230px;\r\n        margin: 0 auto;\r\n        text-align: center;\r\n        padding: 50px 50px 102px;\r\n    }\r\n\r\n    .header_14_1 .imagen {\r\n        height: 500px;\r\n        background-position: center;\r\n        background-repeat: no-repeat;\r\n        background-size: cover;\r\n    }\r\n\r\n    .header_14_1 .enlaces {\r\n        display: inline-flex;\r\n        gap: 25px;\r\n        flex-wrap: wrap;\r\n        margin-top: 35px;\r\n        justify-content: center;\r\n    }\r\n\r\n    @media (max-width:992px) {\r\n        .header_14_1 {\r\n            height: auto;\r\n            max-height: initial;\r\n        }\r\n\r\n        .header_14_1 .col-top {\r\n            min-height: initial;\r\n            padding: 30px 0 50px;\r\n        }\r\n\r\n        .header_14_1 .imagen {\r\n            max-height: 284px;\r\n        }\r\n    }\r\n\r\n    @media (max-width:768px) {\r\n        .header_14_1 .col-top h1 {\r\n            line-height: var(--tamano3-line-height);\r\n        }\r\n    }\r\n\r\n    @media (max-width:400px) {\r\n        .header_14_1 .row {\r\n            margin: 0;\r\n        }\r\n    }\r\n<\/style>\r\n\n\n<section class=\"services_child_1_2 background-1-dark\" id=\"\"\r\n    original-block-id=\"block_c2040135b9e3d3ca9b2b52ea085b73c7\" data-block-id=\"69e21b1c3864c69e21b1c3864d\" data-block-name=\"acf\/services-child-1-2\" data-post-id=\"482\" data-stable-id=\"block_c2040135b9e3d3ca9b2b52ea085b73c7\">\r\n    <div class=\"container\">\r\n        <div class=\"row\">\r\n            <div class=\"col col-top\" data-aos=\"fade-up\">\r\n                                <h2 class=\"tamano2 color-2-headings-light\">De A2 a C1: Un camino a tu medida<\/h2>\r\n                \r\n                                <div class=\"texto tamano7 color-2-body-light\">\r\n                    <p data-start=\"680\" data-end=\"738\">Cada nivel tiene objetivos claros y un enfoque adaptado:<\/p>\n<ul data-start=\"739\" data-end=\"1370\">\n<li data-start=\"739\" data-end=\"881\"><strong data-start=\"741\" data-end=\"773\">A2 (Key English Test &#8211; KET):<\/strong> Para quienes quieren afianzar su base, mejorar su comprensi\u00f3n y empezar a expresarse con mayor seguridad.<\/li>\n<li data-start=\"882\" data-end=\"1046\"><strong data-start=\"884\" data-end=\"924\">B1 (Preliminary English Test &#8211; PET):<\/strong> Ideal para quienes buscan desenvolverse con soltura en situaciones cotidianas y dar el siguiente paso hacia la fluidez.<\/li>\n<li data-start=\"1047\" data-end=\"1202\"><strong data-start=\"1049\" data-end=\"1082\">B2 (First Certificate &#8211; FCE):<\/strong> Aqu\u00ed llevamos el ingl\u00e9s a un nivel m\u00e1s avanzado, perfeccionando la gram\u00e1tica y mejorando la expresi\u00f3n oral y escrita.<\/li>\n<li data-start=\"1203\" data-end=\"1370\"><strong data-start=\"1205\" data-end=\"1229\">C1 (Advanced &#8211; CAE):<\/strong> Para aquellos que quieren alcanzar un nivel de ingl\u00e9s profesional y acad\u00e9mico, dominando estructuras complejas y ampliando su vocabulario.<\/li>\n<\/ul>\n<p>&nbsp;<\/p>\n                <\/div>\r\n\r\n                                <div class=\"vermas tamano7 color-1-body-dark\">\r\n                    <span class=\"mas tamano7 color-1-body-dark\">Read more<\/span>\r\n                    <span class=\"menos hide tamano7 color-1-body-dark\">Read less<\/span>\r\n                    <svg width=\"13\" height=\"13\" viewBox=\"0 0 13 8\" fill=\"none\"\r\n                        xmlns=\"http:\/\/www.w3.org\/2000\/svg\">\r\n                        <path id=\"Vector 14\" d=\"M1 1L6.5 6.5L12 1\" stroke=\"#2B275C\" stroke-width=\"1.5\" \/>\r\n                    <\/svg>\r\n                <\/div>\r\n                                            <\/div>\r\n\r\n            <div class=\"col col-imagen\">\r\n                <div class=\"left\" data-aos=\"fade-left\">\r\n                    <div class=\"mask\"><\/div>\r\n                                        <img decoding=\"async\" src=\"https:\/\/leveluplanguageacademy.com\/wp-content\/uploads\/2025\/03\/IMG-20240916-WA0031-1.jpg\" alt=\"\" title=\"IMG-20240916-WA0031 (1)\">\r\n                                    <\/div>\r\n\r\n                <div class=\"right\" data-aos=\"fade-right\">\r\n                                        <h3 class=\"tamano4 color-2-headings-light\">Clases din\u00e1micas y orientadas a la vida real<\/h3>\r\n                                                                                <div class=\"texto tamano7 color-2-body-light\"><p>Nada de clases aburridas o demasiado te\u00f3ricas. En <strong data-start=\"1480\" data-end=\"1498\">Teens &amp; Adults<\/strong>, el aprendizaje es <strong data-start=\"1518\" data-end=\"1568\">pr\u00e1ctico, interactivo y \u00fatil para el d\u00eda a d\u00eda<\/strong>. Debates, presentaciones, roleplays, actividades grupales y simulaciones de ex\u00e1menes hacen que cada lecci\u00f3n sea una experiencia enriquecedora. Adem\u00e1s, trabajamos estrategias espec\u00edficas para los ex\u00e1menes oficiales, asegurando que nuestros alumnos lleguen preparados y con confianza. \u00a1Ya sea para viajar, estudiar o mejorar oportunidades laborales, aqu\u00ed te ayudamos a llevar tu ingl\u00e9s al siguiente nivel!<\/p>\n<\/div>\r\n                                                                <a href=\"https:\/\/leveluplanguageacademy.com\/servicios\" target=\"\" class=\"btn-round tamano-7-mediumcta color-boton-1-texto-normal color-boton-1-texto-hover color-boton-1-normal color-boton-1-hover\">\r\n    \r\n    <span>Ver m\u00e1s<\/span>\r\n<\/a>\r\n\r\n<style>\r\n    .btn-border-rounded {\r\n        border-radius: 12px !important;\r\n    }\r\n\r\n    .btn-border-square {\r\n        border-radius: 0 !important;\r\n    }\r\n\r\n    \/* Estilos de hover *\/\r\n    .btn-hover-hover1:hover {\r\n        filter: contrast(0.55);\r\n    }\r\n\r\n    .btn-hover-hover2:hover {\r\n        filter: sepia(2);\r\n    }\r\n\r\n    \/* Estilos del icono cuando existe *\/\r\n    a i {\r\n        margin-right: 8px;\r\n        font-size: 16px;\r\n    }\r\n\r\n    \/* Icono Lucide *\/\r\n    .btn-icon--lucide {\r\n        display: inline-flex;\r\n        align-items: center;\r\n        justify-content: center;\r\n        margin-right: 8px;\r\n    }\r\n\r\n    .btn-icon--lucide svg {\r\n        width: 16px;\r\n        height: 16px;\r\n        display: block;\r\n    }\r\n<\/style>\r\n                                    <\/div>\r\n            <\/div>\r\n        <\/div>\r\n    <\/div>\r\n<\/section>\r\n<style>\r\n    .services_child_1_2 .col-imagen .right .mask {\r\n        background: rgba(0, 0, 0, 0.30);\r\n        position: absolute;\r\n        top: 0;\r\n        left: 0;\r\n        width: 100%;\r\n        right: 100%;\r\n    }\r\n\r\n    .services_child_1_2 .vermas svg path {\r\n        stroke: var(--color-2-body-light);\r\n    }\r\n\r\n    .services_child_1_2 .vermas .hide {\r\n        display: none;\r\n    }\r\n\r\n    .services_child_1_2 .vermas.show svg {\r\n        transform: rotate(180deg);\r\n    }\r\n\r\n    .services_child_1_2 .vermas {\r\n        display: none;\r\n        margin-top: 20px;\r\n        align-items: center;\r\n        gap: 10px;\r\n        cursor: pointer;\r\n    }\r\n\r\n    .services_child_1_2 .vermas span {\r\n        font-weight: var(--tamano5-font-weight);\r\n        color: var(--color-2-body-light)\r\n    }\r\n\r\n    .services_child_1_2 .col-top .texto {\r\n        display: flex;\r\n        gap: 30px;\r\n        width: 100%;\r\n    }\r\n\r\n    .services_child_1_2 .col-top .texto p {\r\n        width: 50%;\r\n    }\r\n\r\n    .services_child_1_2 .col-top {\r\n        margin-bottom: 105px;\r\n    }\r\n\r\n    .services_child_1_2 .col-imagen .texto {\r\n        padding-bottom: 21px;\r\n        max-width: 660px;\r\n    }\r\n\r\n    .services_child_1_2 .col-imagen .subtitulo {\r\n        padding-bottom: 17px;\r\n        max-width: 660px;\r\n        font-weight: var(--tamano4-font-weight);\r\n    }\r\n\r\n    .services_child_1_2 .col-imagen h3 {\r\n        padding-bottom: 22px;\r\n    }\r\n\r\n    .services_child_1_2 .col-imagen .right {\r\n        width: 50%;\r\n        margin-top: 50px;\r\n        padding-right: 184px;\r\n    }\r\n\r\n    .services_child_1_2 .col-imagen .left {\r\n        max-width: 100%;\r\n        width: 50%;\r\n        position: relative;\r\n    }\r\n\r\n    .services_child_1_2 .col-imagen {\r\n        display: flex;\r\n        position: relative;\r\n        gap: 30px;\r\n        width: 100%;\r\n\r\n    }\r\n\r\n    .services_child_1_2[original-block-id=\"block_c2040135b9e3d3ca9b2b52ea085b73c7\"] .col-imagen {\r\n            }\r\n\r\n    .services_child_1_2 h2 {\r\n        padding-bottom: 45px;\r\n    }\r\n\r\n    .services_child_1_2 .col-imagen .left img {\r\n        height: auto;\r\n        width: 100%;\r\n    }\r\n\r\n    .services_child_1_2 .col-imagen .left .video {\r\n        width: 100%;\r\n        height: 100%;\r\n        overflow: hidden;\r\n    }\r\n\r\n    .services_child_1_2 .col-imagen .left .video iframe {\r\n        width: 100%;\r\n        height: 100%;\r\n        border: none;\r\n        min-height: 600px;\r\n    }\r\n\r\n    .services_child_1_2 {\r\n        padding: 80px 150px;\r\n    }\r\n\r\n    .services_child_1_2 .btn-round {\r\n        border-radius: 60px;\r\n        padding: 12px 25px;\r\n        display: inline-block;\r\n        min-width: 175px;\r\n        text-align: center;\r\n        text-decoration: none;\r\n    }\r\n\r\n    @media (max-width:1750px) {\r\n        .services_child_1_2 {\r\n            padding-left: 50px;\r\n            padding-right: 50px;\r\n        }\r\n    }\r\n\r\n    @media (max-width:1550px) {\r\n        .services_child_1_2 {\r\n            padding-left: 0;\r\n            padding-right: 0;\r\n        }\r\n\r\n        .services_child_1_2 .col-imagen .left .video iframe {\r\n            min-height: 400px;\r\n        }\r\n    }\r\n\r\n    @media (max-width:1250px) {\r\n        .services_child_1_2 .col-imagen .right {\r\n            width: 100%;\r\n            position: relative;\r\n            top: inherit;\r\n            transform: none;\r\n        }\r\n\r\n        .services_child_1_2 .col-imagen .left {\r\n            max-width: 100%;\r\n            width: 100%;\r\n        }\r\n\r\n        .services_child_1_2 .col-imagen .right {\r\n            padding-right: 0;\r\n            margin-top: 0;\r\n        }\r\n    }\r\n\r\n    @media (max-width:992px) {\r\n        .services_child_1_2 .col-imagen {\r\n            flex-direction: column;\r\n            gap: 30px;\r\n        }\r\n\r\n        .services_child_1_2 .col-imagen .subtitulo {\r\n            padding-bottom: 30px;\r\n        }\r\n\r\n        .services_child_1_2 .col-imagen .texto {\r\n            padding-bottom: 35px;\r\n        }\r\n\r\n        .services_child_1_2 .col-top .texto {\r\n            flex-direction: column;\r\n            gap: 20px;\r\n        }\r\n\r\n        .services_child_1_2 .col-top .texto p {\r\n            width: 100%;\r\n        }\r\n\r\n        .services_child_1_2 .col-top {\r\n            margin-bottom: 38px;\r\n        }\r\n\r\n        .services_child_1_2 {\r\n            padding: 40px 0;\r\n        }\r\n\r\n        .services_child_1_2 .col-top .texto.show p:not(:first-child) {\r\n            display: block;\r\n        }\r\n\r\n        .services_child_1_2 .col-top .texto p:not(:first-child) {\r\n            display: none;\r\n        }\r\n\r\n        .services_child_1_2 .vermas {\r\n            display: flex;\r\n        }\r\n\r\n        .services_child_1_2 .col-imagen .left .video iframe {\r\n            min-height: 370px;\r\n        }\r\n    }\r\n\r\n    @media (max-width:768px) {\r\n        .services_child_1_2 h2 {\r\n            line-height: var(--tamano4-line-height);\r\n            padding-bottom: 25px;\r\n        }\r\n\r\n        .services_child_1_2 .col-imagen .subtitulo {\r\n            padding-bottom: 20px;\r\n        }\r\n\r\n        .services_child_1_2 h3 {\r\n            line-height: var(--tamano6-line-height);\r\n            padding-bottom: 20px;\r\n        }\r\n\r\n        .services_child_1_2 .col-imagen .left .video iframe {\r\n            min-height: 310px;\r\n        }\r\n    }\r\n<\/style>\r\n<script>\r\n    jQuery('.services_child_1_2 .vermas').on('click', function() {\r\n        jQuery('.services_child_1_2 .texto').toggleClass('show');\r\n        jQuery('.services_child_1_2 .vermas').toggleClass('show');\r\n        jQuery('.services_child_1_2 .vermas span').toggleClass('hide');\r\n    });\r\n<\/script>\r\n\n\n\n<p><\/p>\n","protected":false},"excerpt":{"rendered":"","protected":false},"author":2,"featured_media":659,"parent":485,"menu_order":28,"comment_status":"open","ping_status":"closed","template":"","meta":{"_acf_changed":false,"iawp_total_views":2,"footnotes":""},"class_list":["post-482","page","type-page","status-publish","has-post-thumbnail","hentry"],"acf":[],"yoast_head":"<!-- This site is optimized with the Yoast SEO plugin v27.4 - https:\/\/yoast.com\/product\/yoast-seo-wordpress\/ -->\n<title>Teens &amp; Adults - Level Up language Academy<\/title>\n<meta name=\"robots\" content=\"index, follow, max-snippet:-1, max-image-preview:large, max-video-preview:-1\" \/>\n<link rel=\"canonical\" href=\"https:\/\/leveluplanguageacademy.com\/en\/servicios-2\/teens\/\" \/>\n<meta property=\"og:locale\" content=\"en_US\" \/>\n<meta property=\"og:type\" content=\"article\" \/>\n<meta property=\"og:title\" content=\"Teens &amp; Adults - Level Up language Academy\" \/>\n<meta property=\"og:url\" content=\"https:\/\/leveluplanguageacademy.com\/en\/servicios-2\/teens\/\" \/>\n<meta property=\"og:site_name\" content=\"Level Up language Academy\" \/>\n<meta property=\"article:modified_time\" content=\"2026-01-20T18:15:44+00:00\" \/>\n<meta property=\"og:image\" content=\"https:\/\/leveluplanguageacademy.com\/wp-content\/uploads\/2024\/06\/Default_En_la_imagen_se_debe_ver_una_moderna_y_elegante_aula_d_0.jpg\" \/>\n\t<meta property=\"og:image:width\" content=\"1792\" \/>\n\t<meta property=\"og:image:height\" content=\"1480\" \/>\n\t<meta property=\"og:image:type\" content=\"image\/jpeg\" \/>\n<meta name=\"twitter:card\" content=\"summary_large_image\" \/>\n<!-- \/ Yoast SEO plugin. -->","yoast_head_json":{"title":"Teens &amp; Adults - Level Up language Academy","robots":{"index":"index","follow":"follow","max-snippet":"max-snippet:-1","max-image-preview":"max-image-preview:large","max-video-preview":"max-video-preview:-1"},"canonical":"https:\/\/leveluplanguageacademy.com\/en\/servicios-2\/teens\/","og_locale":"en_US","og_type":"article","og_title":"Teens &amp; Adults - Level Up language Academy","og_url":"https:\/\/leveluplanguageacademy.com\/en\/servicios-2\/teens\/","og_site_name":"Level Up language Academy","article_modified_time":"2026-01-20T18:15:44+00:00","og_image":[{"width":1792,"height":1480,"url":"https:\/\/leveluplanguageacademy.com\/wp-content\/uploads\/2024\/06\/Default_En_la_imagen_se_debe_ver_una_moderna_y_elegante_aula_d_0.jpg","type":"image\/jpeg"}],"twitter_card":"summary_large_image","schema":{"@context":"https:\/\/schema.org","@graph":[{"@type":"WebPage","@id":"https:\/\/leveluplanguageacademy.com\/en\/servicios-2\/teens\/","url":"https:\/\/leveluplanguageacademy.com\/en\/servicios-2\/teens\/","name":"Teens &amp; Adults - Level Up language Academy","isPartOf":{"@id":"https:\/\/leveluplanguageacademy.com\/en\/#website"},"primaryImageOfPage":{"@id":"https:\/\/leveluplanguageacademy.com\/en\/servicios-2\/teens\/#primaryimage"},"image":{"@id":"https:\/\/leveluplanguageacademy.com\/en\/servicios-2\/teens\/#primaryimage"},"thumbnailUrl":"https:\/\/leveluplanguageacademy.com\/wp-content\/uploads\/2024\/06\/Default_En_la_imagen_se_debe_ver_una_moderna_y_elegante_aula_d_0.jpg","datePublished":"2024-06-26T11:51:53+00:00","dateModified":"2026-01-20T18:15:44+00:00","breadcrumb":{"@id":"https:\/\/leveluplanguageacademy.com\/en\/servicios-2\/teens\/#breadcrumb"},"inLanguage":"en-US","potentialAction":[{"@type":"ReadAction","target":["https:\/\/leveluplanguageacademy.com\/en\/servicios-2\/teens\/"]}]},{"@type":"ImageObject","inLanguage":"en-US","@id":"https:\/\/leveluplanguageacademy.com\/en\/servicios-2\/teens\/#primaryimage","url":"https:\/\/leveluplanguageacademy.com\/wp-content\/uploads\/2024\/06\/Default_En_la_imagen_se_debe_ver_una_moderna_y_elegante_aula_d_0.jpg","contentUrl":"https:\/\/leveluplanguageacademy.com\/wp-content\/uploads\/2024\/06\/Default_En_la_imagen_se_debe_ver_una_moderna_y_elegante_aula_d_0.jpg","width":1792,"height":1480},{"@type":"BreadcrumbList","@id":"https:\/\/leveluplanguageacademy.com\/en\/servicios-2\/teens\/#breadcrumb","itemListElement":[{"@type":"ListItem","position":1,"name":"Portada","item":"https:\/\/leveluplanguageacademy.com\/en\/"},{"@type":"ListItem","position":2,"name":"Servicios","item":"https:\/\/leveluplanguageacademy.com\/en\/servicios-2\/"},{"@type":"ListItem","position":3,"name":"Teens &amp; Adults"}]},{"@type":"WebSite","@id":"https:\/\/leveluplanguageacademy.com\/en\/#website","url":"https:\/\/leveluplanguageacademy.com\/en\/","name":"Level Up language Academy","description":"","publisher":{"@id":"https:\/\/leveluplanguageacademy.com\/en\/#organization"},"potentialAction":[{"@type":"SearchAction","target":{"@type":"EntryPoint","urlTemplate":"https:\/\/leveluplanguageacademy.com\/en\/?s={search_term_string}"},"query-input":{"@type":"PropertyValueSpecification","valueRequired":true,"valueName":"search_term_string"}}],"inLanguage":"en-US"},{"@type":"Organization","@id":"https:\/\/leveluplanguageacademy.com\/en\/#organization","name":"Level Up language Academy","url":"https:\/\/leveluplanguageacademy.com\/en\/","logo":{"@type":"ImageObject","inLanguage":"en-US","@id":"https:\/\/leveluplanguageacademy.com\/en\/#\/schema\/logo\/image\/","url":"https:\/\/leveluplanguageacademy.com\/wp-content\/uploads\/2024\/06\/667bfb4ba63fd_LOGO-LEVEL-UP-horizontal.png","contentUrl":"https:\/\/leveluplanguageacademy.com\/wp-content\/uploads\/2024\/06\/667bfb4ba63fd_LOGO-LEVEL-UP-horizontal.png","width":2560,"height":694,"caption":"Level Up language Academy "},"image":{"@id":"https:\/\/leveluplanguageacademy.com\/en\/#\/schema\/logo\/image\/"}}]}},"_links":{"self":[{"href":"https:\/\/leveluplanguageacademy.com\/en\/wp-json\/wp\/v2\/pages\/482","targetHints":{"allow":["GET"]}}],"collection":[{"href":"https:\/\/leveluplanguageacademy.com\/en\/wp-json\/wp\/v2\/pages"}],"about":[{"href":"https:\/\/leveluplanguageacademy.com\/en\/wp-json\/wp\/v2\/types\/page"}],"author":[{"embeddable":true,"href":"https:\/\/leveluplanguageacademy.com\/en\/wp-json\/wp\/v2\/users\/2"}],"replies":[{"embeddable":true,"href":"https:\/\/leveluplanguageacademy.com\/en\/wp-json\/wp\/v2\/comments?post=482"}],"version-history":[{"count":13,"href":"https:\/\/leveluplanguageacademy.com\/en\/wp-json\/wp\/v2\/pages\/482\/revisions"}],"predecessor-version":[{"id":1851,"href":"https:\/\/leveluplanguageacademy.com\/en\/wp-json\/wp\/v2\/pages\/482\/revisions\/1851"}],"up":[{"embeddable":true,"href":"https:\/\/leveluplanguageacademy.com\/en\/wp-json\/wp\/v2\/pages\/485"}],"wp:featuredmedia":[{"embeddable":true,"href":"https:\/\/leveluplanguageacademy.com\/en\/wp-json\/wp\/v2\/media\/659"}],"wp:attachment":[{"href":"https:\/\/leveluplanguageacademy.com\/en\/wp-json\/wp\/v2\/media?parent=482"}],"curies":[{"name":"wp","href":"https:\/\/api.w.org\/{rel}","templated":true}]}}