{"id":481,"date":"2024-06-26T11:52:41","date_gmt":"2024-06-26T11:52:41","guid":{"rendered":"https:\/\/leveluplanguageacademy.com\/one-to-one\/"},"modified":"2026-01-20T18:24:08","modified_gmt":"2026-01-20T18:24:08","slug":"one-to-one","status":"publish","type":"page","link":"https:\/\/leveluplanguageacademy.com\/en\/servicios-2\/one-to-one\/","title":{"rendered":"Online"},"content":{"rendered":"<section class=\"header_14_1 background-1-light\" id=\"\" data-block-id=\"69e256a9ae05569e256a9ae056\" data-block-name=\"acf\/header-14-1\" data-post-id=\"481\" data-stable-id=\"block_7d522c1b6f64bcb2791963b79a41e602\">\r\n    <div class=\"container\">\r\n        <div class=\"row\">\r\n            <div class=\"col col-top\" data-aos=\"fade-up\">\r\n                                <div class=\"subtitulo color-1-headings-dark tamano6\">Clases Online: Ingl\u00e9s a un clic de distancia<\/div>\r\n                                                <h1 class=\"tamano2 color-1-headings-dark\">Aprende ingl\u00e9s desde cualquier lugar, con la misma calidad y dinamismo que en nuestras clases presenciales.<\/h1>\r\n                                                <div class=\"texto tamano7 color-1-body-dark\"><p>Nuestras clases online est\u00e1n dise\u00f1adas para ofrecerte toda la calidad y flexibilidad que necesitas para mejorar tu ingl\u00e9s, sin importar d\u00f3nde est\u00e9s. Podr\u00e1s conectarte desde casa, recibir clases personalizadas, y avanzar en tu aprendizaje sin perder la interacci\u00f3n y el dinamismo que nos caracteriza. Gracias a este formato, cada lecci\u00f3n es una experiencia \u00fanica llena de juegos, actividades interactivas y pr\u00e1ctica para los ex\u00e1menes Cambridge, manteni\u00e9ndote motivado y enfocado en tus metas.<\/p>\n<p>&nbsp;<\/p>\n<p>&nbsp;<\/p>\n<p>&nbsp;<\/p>\n<p>&nbsp;<\/p>\n<\/div>\r\n                \r\n                                <div class=\"enlaces\">\r\n                                            <a href=\"https:\/\/calendly.com\/infolevelupschool\/private-class-with-teacher-sonia\" target=\"\" class=\"btn-round tamano-7-mediumcta color-boton-3-texto-normal color-boton-3-texto-hover color-boton-3-normal color-boton-3-hover\">\r\n    \r\n    <span>\u00a1Reserva tu clase!<\/span>\r\n<\/a>\r\n\r\n<style>\r\n    .btn-border-rounded {\r\n        border-radius: 12px !important;\r\n    }\r\n\r\n    .btn-border-square {\r\n        border-radius: 0 !important;\r\n    }\r\n\r\n    \/* Estilos de hover *\/\r\n    .btn-hover-hover1:hover {\r\n        filter: contrast(0.55);\r\n    }\r\n\r\n    .btn-hover-hover2:hover {\r\n        filter: sepia(2);\r\n    }\r\n\r\n    \/* Estilos del icono cuando existe *\/\r\n    a i {\r\n        margin-right: 8px;\r\n        font-size: 16px;\r\n    }\r\n\r\n    \/* Icono Lucide *\/\r\n    .btn-icon--lucide {\r\n        display: inline-flex;\r\n        align-items: center;\r\n        justify-content: center;\r\n        margin-right: 8px;\r\n    }\r\n\r\n    .btn-icon--lucide svg {\r\n        width: 16px;\r\n        height: 16px;\r\n        display: block;\r\n    }\r\n<\/style>\r\n                    \r\n                                    <\/div>\r\n                            <\/div>\r\n        <\/div>\r\n    <\/div>\r\n            <div class=\"imagen\" data-aos=\"zoom-in\" style=\"background-image:url('https:\/\/leveluplanguageacademy.com\/wp-content\/uploads\/2024\/06\/IMG-20220701-WA0006.jpg');\"\r\n            aria-label=\"\"><\/div>\r\n    <\/section>\r\n<style>\r\n    .header_14_1 {\r\n        height: 100%;\r\n        max-height: 1081px;\r\n    }\r\n\r\n    .header_14_1 .btn-round {\r\n        border-radius: 60px;\r\n        padding: 12px 25px;\r\n        display: inline-block;\r\n        min-width: 175px;\r\n        text-align: center;\r\n        text-decoration: none;\r\n    }\r\n\r\n    .header_14_1 .btn-round.secundario {\r\n        background-color: var(--color-boton-3-hover);\r\n        color: var(--color-boton-3-texto-hover);\r\n    }\r\n\r\n    .header_14_1 .btn-round.secundario:hover {\r\n        background-color: var(--color-boton-3-normal);\r\n        color: var(--color-boton-3-texto-normal);\r\n    }\r\n\r\n    .header_14_1 .subtitulo {\r\n        padding-bottom: 22px;\r\n    }\r\n\r\n    .header_14_1 .col-top h1 {\r\n        padding-bottom: 22px;\r\n    }\r\n\r\n    .header_14_1 .col-top {\r\n        height: 100%;\r\n        min-height: calc(51dvh - 150px);\r\n        display: flex;\r\n        flex-direction: column;\r\n        justify-content: center;\r\n        align-items: center;\r\n\r\n        max-width: 1230px;\r\n        margin: 0 auto;\r\n        text-align: center;\r\n        padding: 50px 50px 102px;\r\n    }\r\n\r\n    .header_14_1 .imagen {\r\n        height: 500px;\r\n        background-position: center;\r\n        background-repeat: no-repeat;\r\n        background-size: cover;\r\n    }\r\n\r\n    .header_14_1 .enlaces {\r\n        display: inline-flex;\r\n        gap: 25px;\r\n        flex-wrap: wrap;\r\n        margin-top: 35px;\r\n        justify-content: center;\r\n    }\r\n\r\n    @media (max-width:992px) {\r\n        .header_14_1 {\r\n            height: auto;\r\n            max-height: initial;\r\n        }\r\n\r\n        .header_14_1 .col-top {\r\n            min-height: initial;\r\n            padding: 30px 0 50px;\r\n        }\r\n\r\n        .header_14_1 .imagen {\r\n            max-height: 284px;\r\n        }\r\n    }\r\n\r\n    @media (max-width:768px) {\r\n        .header_14_1 .col-top h1 {\r\n            line-height: var(--tamano3-line-height);\r\n        }\r\n    }\r\n\r\n    @media (max-width:400px) {\r\n        .header_14_1 .row {\r\n            margin: 0;\r\n        }\r\n    }\r\n<\/style>\r\n\n\n\n<p><\/p>\n\n\n\n<p><\/p>\n","protected":false},"excerpt":{"rendered":"","protected":false},"author":1,"featured_media":672,"parent":485,"menu_order":29,"comment_status":"open","ping_status":"closed","template":"","meta":{"_acf_changed":false,"iawp_total_views":2,"footnotes":""},"class_list":["post-481","page","type-page","status-publish","has-post-thumbnail","hentry"],"acf":[],"yoast_head":"<!-- This site is optimized with the Yoast SEO plugin v27.4 - https:\/\/yoast.com\/product\/yoast-seo-wordpress\/ -->\n<title>Online - Level Up language Academy<\/title>\n<meta name=\"robots\" content=\"index, follow, max-snippet:-1, max-image-preview:large, max-video-preview:-1\" \/>\n<link rel=\"canonical\" href=\"https:\/\/leveluplanguageacademy.com\/en\/servicios-2\/one-to-one\/\" \/>\n<meta property=\"og:locale\" content=\"en_US\" \/>\n<meta property=\"og:type\" content=\"article\" \/>\n<meta property=\"og:title\" content=\"Online - Level Up language Academy\" \/>\n<meta property=\"og:url\" content=\"https:\/\/leveluplanguageacademy.com\/en\/servicios-2\/one-to-one\/\" \/>\n<meta property=\"og:site_name\" content=\"Level Up language Academy\" \/>\n<meta property=\"article:modified_time\" content=\"2026-01-20T18:24:08+00:00\" \/>\n<meta property=\"og:image\" content=\"https:\/\/leveluplanguageacademy.com\/wp-content\/uploads\/2024\/06\/Default_Un_aula_moderna_y_elegante_con_mesas_y_sillas_ergonmic_0.jpg\" \/>\n\t<meta property=\"og:image:width\" content=\"1792\" \/>\n\t<meta property=\"og:image:height\" content=\"1480\" \/>\n\t<meta property=\"og:image:type\" content=\"image\/jpeg\" \/>\n<meta name=\"twitter:card\" content=\"summary_large_image\" \/>\n<!-- \/ Yoast SEO plugin. -->","yoast_head_json":{"title":"Online - Level Up language Academy","robots":{"index":"index","follow":"follow","max-snippet":"max-snippet:-1","max-image-preview":"max-image-preview:large","max-video-preview":"max-video-preview:-1"},"canonical":"https:\/\/leveluplanguageacademy.com\/en\/servicios-2\/one-to-one\/","og_locale":"en_US","og_type":"article","og_title":"Online - Level Up language Academy","og_url":"https:\/\/leveluplanguageacademy.com\/en\/servicios-2\/one-to-one\/","og_site_name":"Level Up language Academy","article_modified_time":"2026-01-20T18:24:08+00:00","og_image":[{"width":1792,"height":1480,"url":"https:\/\/leveluplanguageacademy.com\/wp-content\/uploads\/2024\/06\/Default_Un_aula_moderna_y_elegante_con_mesas_y_sillas_ergonmic_0.jpg","type":"image\/jpeg"}],"twitter_card":"summary_large_image","schema":{"@context":"https:\/\/schema.org","@graph":[{"@type":"WebPage","@id":"https:\/\/leveluplanguageacademy.com\/en\/servicios-2\/one-to-one\/","url":"https:\/\/leveluplanguageacademy.com\/en\/servicios-2\/one-to-one\/","name":"Online - Level Up language Academy","isPartOf":{"@id":"https:\/\/leveluplanguageacademy.com\/en\/#website"},"primaryImageOfPage":{"@id":"https:\/\/leveluplanguageacademy.com\/en\/servicios-2\/one-to-one\/#primaryimage"},"image":{"@id":"https:\/\/leveluplanguageacademy.com\/en\/servicios-2\/one-to-one\/#primaryimage"},"thumbnailUrl":"https:\/\/leveluplanguageacademy.com\/wp-content\/uploads\/2024\/06\/Default_Un_aula_moderna_y_elegante_con_mesas_y_sillas_ergonmic_0.jpg","datePublished":"2024-06-26T11:52:41+00:00","dateModified":"2026-01-20T18:24:08+00:00","breadcrumb":{"@id":"https:\/\/leveluplanguageacademy.com\/en\/servicios-2\/one-to-one\/#breadcrumb"},"inLanguage":"en-US","potentialAction":[{"@type":"ReadAction","target":["https:\/\/leveluplanguageacademy.com\/en\/servicios-2\/one-to-one\/"]}]},{"@type":"ImageObject","inLanguage":"en-US","@id":"https:\/\/leveluplanguageacademy.com\/en\/servicios-2\/one-to-one\/#primaryimage","url":"https:\/\/leveluplanguageacademy.com\/wp-content\/uploads\/2024\/06\/Default_Un_aula_moderna_y_elegante_con_mesas_y_sillas_ergonmic_0.jpg","contentUrl":"https:\/\/leveluplanguageacademy.com\/wp-content\/uploads\/2024\/06\/Default_Un_aula_moderna_y_elegante_con_mesas_y_sillas_ergonmic_0.jpg","width":1792,"height":1480},{"@type":"BreadcrumbList","@id":"https:\/\/leveluplanguageacademy.com\/en\/servicios-2\/one-to-one\/#breadcrumb","itemListElement":[{"@type":"ListItem","position":1,"name":"Portada","item":"https:\/\/leveluplanguageacademy.com\/en\/"},{"@type":"ListItem","position":2,"name":"Servicios","item":"https:\/\/leveluplanguageacademy.com\/en\/servicios-2\/"},{"@type":"ListItem","position":3,"name":"Online"}]},{"@type":"WebSite","@id":"https:\/\/leveluplanguageacademy.com\/en\/#website","url":"https:\/\/leveluplanguageacademy.com\/en\/","name":"Level Up language Academy","description":"","publisher":{"@id":"https:\/\/leveluplanguageacademy.com\/en\/#organization"},"potentialAction":[{"@type":"SearchAction","target":{"@type":"EntryPoint","urlTemplate":"https:\/\/leveluplanguageacademy.com\/en\/?s={search_term_string}"},"query-input":{"@type":"PropertyValueSpecification","valueRequired":true,"valueName":"search_term_string"}}],"inLanguage":"en-US"},{"@type":"Organization","@id":"https:\/\/leveluplanguageacademy.com\/en\/#organization","name":"Level Up language Academy","url":"https:\/\/leveluplanguageacademy.com\/en\/","logo":{"@type":"ImageObject","inLanguage":"en-US","@id":"https:\/\/leveluplanguageacademy.com\/en\/#\/schema\/logo\/image\/","url":"https:\/\/leveluplanguageacademy.com\/wp-content\/uploads\/2024\/06\/667bfb4ba63fd_LOGO-LEVEL-UP-horizontal.png","contentUrl":"https:\/\/leveluplanguageacademy.com\/wp-content\/uploads\/2024\/06\/667bfb4ba63fd_LOGO-LEVEL-UP-horizontal.png","width":2560,"height":694,"caption":"Level Up language Academy "},"image":{"@id":"https:\/\/leveluplanguageacademy.com\/en\/#\/schema\/logo\/image\/"}}]}},"_links":{"self":[{"href":"https:\/\/leveluplanguageacademy.com\/en\/wp-json\/wp\/v2\/pages\/481","targetHints":{"allow":["GET"]}}],"collection":[{"href":"https:\/\/leveluplanguageacademy.com\/en\/wp-json\/wp\/v2\/pages"}],"about":[{"href":"https:\/\/leveluplanguageacademy.com\/en\/wp-json\/wp\/v2\/types\/page"}],"author":[{"embeddable":true,"href":"https:\/\/leveluplanguageacademy.com\/en\/wp-json\/wp\/v2\/users\/1"}],"replies":[{"embeddable":true,"href":"https:\/\/leveluplanguageacademy.com\/en\/wp-json\/wp\/v2\/comments?post=481"}],"version-history":[{"count":16,"href":"https:\/\/leveluplanguageacademy.com\/en\/wp-json\/wp\/v2\/pages\/481\/revisions"}],"predecessor-version":[{"id":1854,"href":"https:\/\/leveluplanguageacademy.com\/en\/wp-json\/wp\/v2\/pages\/481\/revisions\/1854"}],"up":[{"embeddable":true,"href":"https:\/\/leveluplanguageacademy.com\/en\/wp-json\/wp\/v2\/pages\/485"}],"wp:featuredmedia":[{"embeddable":true,"href":"https:\/\/leveluplanguageacademy.com\/en\/wp-json\/wp\/v2\/media\/672"}],"wp:attachment":[{"href":"https:\/\/leveluplanguageacademy.com\/en\/wp-json\/wp\/v2\/media?parent=481"}],"curies":[{"name":"wp","href":"https:\/\/api.w.org\/{rel}","templated":true}]}}